{"id":1684,"date":"2022-07-21T03:55:02","date_gmt":"2022-07-21T03:55:02","guid":{"rendered":"https:\/\/pecatrestoran.rs\/contact\/"},"modified":"2026-02-14T15:12:05","modified_gmt":"2026-02-14T15:12:05","slug":"contact","status":"publish","type":"page","link":"https:\/\/pecatrestoran.rs\/en\/contact\/","title":{"rendered":"Contact"},"content":{"rendered":"\t\t<div data-elementor-type=\"wp-page\" data-elementor-id=\"1684\" class=\"elementor elementor-1684 elementor-19\">\n\t\t\t\t\t\t<section class=\"elementor-section elementor-top-section elementor-element elementor-element-a7d6089 pt-section-content-fullwidth pt-parallax-on-scroll pt_scroll_y_180 elementor-section-boxed elementor-section-height-default elementor-section-height-default elementor-invisible\" data-id=\"a7d6089\" data-element_type=\"section\" data-e-type=\"section\" data-settings=\"{&quot;background_background&quot;:&quot;slideshow&quot;,&quot;animation&quot;:&quot;fadeIn&quot;,&quot;background_slideshow_gallery&quot;:[{&quot;id&quot;:1681,&quot;url&quot;:&quot;https:\\\/\\\/pecatrestoran.rs\\\/wordpress\\\/wp-content\\\/uploads\\\/2026\\\/01\\\/DSC_7512-scaled.jpg&quot;},{&quot;id&quot;:1682,&quot;url&quot;:&quot;https:\\\/\\\/pecatrestoran.rs\\\/wordpress\\\/wp-content\\\/uploads\\\/2026\\\/01\\\/DSC_7374-scaled.jpg&quot;},{&quot;id&quot;:1637,&quot;url&quot;:&quot;https:\\\/\\\/pecatrestoran.rs\\\/wordpress\\\/wp-content\\\/uploads\\\/2026\\\/01\\\/DSC_5321-scaled.jpg&quot;},{&quot;id&quot;:1683,&quot;url&quot;:&quot;https:\\\/\\\/pecatrestoran.rs\\\/wordpress\\\/wp-content\\\/uploads\\\/2026\\\/01\\\/DSC_3080-scaled.jpg&quot;}],&quot;background_slideshow_loop&quot;:&quot;yes&quot;,&quot;background_slideshow_slide_duration&quot;:5000,&quot;background_slideshow_slide_transition&quot;:&quot;fade&quot;,&quot;background_slideshow_transition_duration&quot;:500}\" data-pt-parallax-y=\"180\">\n\t\t\t\t\t\t\t<div class=\"elementor-background-overlay\"><\/div>\n\t\t\t\t\t\t\t<div class=\"elementor-container elementor-column-gap-no\">\n\t\t\t\t\t<div class=\"elementor-column elementor-col-100 elementor-top-column elementor-element elementor-element-fb0901e\" data-id=\"fb0901e\" data-element_type=\"column\" data-e-type=\"column\">\n\t\t\t<div class=\"elementor-widget-wrap elementor-element-populated\">\n\t\t\t\t\t\t<div class=\"elementor-element elementor-element-8a6ce14 elementor-widget elementor-widget-pt_title\" data-id=\"8a6ce14\" data-element_type=\"widget\" data-e-type=\"widget\" data-widget_type=\"pt_title.default\">\n\t\t\t\t<div class=\"elementor-widget-container\">\n\t\t\t\t\t\n        <div class=\"pt-title-wrap text-center\">\t            <h1 class=\"pt-title\">\n\t                CONTACT\t            <\/h1>        <\/div>\t\t\t\t<\/div>\n\t\t\t\t<\/div>\n\t\t\t\t<section class=\"elementor-section elementor-inner-section elementor-element elementor-element-15e6999 elementor-section-boxed elementor-section-height-default elementor-section-height-default\" data-id=\"15e6999\" data-element_type=\"section\" data-e-type=\"section\">\n\t\t\t\t\t\t<div class=\"elementor-container elementor-column-gap-no\">\n\t\t\t\t\t<div class=\"elementor-column elementor-col-100 elementor-inner-column elementor-element elementor-element-17e4062\" data-id=\"17e4062\" data-element_type=\"column\" data-e-type=\"column\">\n\t\t\t<div class=\"elementor-widget-wrap elementor-element-populated\">\n\t\t\t\t\t\t<div class=\"elementor-element elementor-element-9762b2f elementor-widget__width-auto elementor-view-default elementor-widget elementor-widget-icon\" data-id=\"9762b2f\" data-element_type=\"widget\" data-e-type=\"widget\" data-widget_type=\"icon.default\">\n\t\t\t\t\t\t\t<div class=\"elementor-icon-wrapper\">\n\t\t\t<div class=\"elementor-icon\">\n\t\t\t<svg aria-hidden=\"true\" class=\"e-font-icon-svg e-fas-star\" viewBox=\"0 0 576 512\" xmlns=\"http:\/\/www.w3.org\/2000\/svg\"><path d=\"M259.3 17.8L194 150.2 47.9 171.5c-26.2 3.8-36.7 36.1-17.7 54.6l105.7 103-25 145.5c-4.5 26.3 23.2 46 46.4 33.7L288 439.6l130.7 68.7c23.2 12.2 50.9-7.4 46.4-33.7l-25-145.5 105.7-103c19-18.5 8.5-50.8-17.7-54.6L382 150.2 316.7 17.8c-11.7-23.6-45.6-23.9-57.4 0z\"><\/path><\/svg>\t\t\t<\/div>\n\t\t<\/div>\n\t\t\t\t\t\t<\/div>\n\t\t\t\t<div class=\"elementor-element elementor-element-a911a47 elementor-widget__width-auto elementor-view-default elementor-widget elementor-widget-icon\" data-id=\"a911a47\" data-element_type=\"widget\" data-e-type=\"widget\" data-widget_type=\"icon.default\">\n\t\t\t\t\t\t\t<div class=\"elementor-icon-wrapper\">\n\t\t\t<div class=\"elementor-icon\">\n\t\t\t<svg aria-hidden=\"true\" class=\"e-font-icon-svg e-fas-star\" viewBox=\"0 0 576 512\" xmlns=\"http:\/\/www.w3.org\/2000\/svg\"><path d=\"M259.3 17.8L194 150.2 47.9 171.5c-26.2 3.8-36.7 36.1-17.7 54.6l105.7 103-25 145.5c-4.5 26.3 23.2 46 46.4 33.7L288 439.6l130.7 68.7c23.2 12.2 50.9-7.4 46.4-33.7l-25-145.5 105.7-103c19-18.5 8.5-50.8-17.7-54.6L382 150.2 316.7 17.8c-11.7-23.6-45.6-23.9-57.4 0z\"><\/path><\/svg>\t\t\t<\/div>\n\t\t<\/div>\n\t\t\t\t\t\t<\/div>\n\t\t\t\t<div class=\"elementor-element elementor-element-c53c484 elementor-widget__width-auto elementor-view-default elementor-widget elementor-widget-icon\" data-id=\"c53c484\" data-element_type=\"widget\" data-e-type=\"widget\" data-widget_type=\"icon.default\">\n\t\t\t\t\t\t\t<div class=\"elementor-icon-wrapper\">\n\t\t\t<div class=\"elementor-icon\">\n\t\t\t<svg aria-hidden=\"true\" class=\"e-font-icon-svg e-fas-star\" viewBox=\"0 0 576 512\" xmlns=\"http:\/\/www.w3.org\/2000\/svg\"><path d=\"M259.3 17.8L194 150.2 47.9 171.5c-26.2 3.8-36.7 36.1-17.7 54.6l105.7 103-25 145.5c-4.5 26.3 23.2 46 46.4 33.7L288 439.6l130.7 68.7c23.2 12.2 50.9-7.4 46.4-33.7l-25-145.5 105.7-103c19-18.5 8.5-50.8-17.7-54.6L382 150.2 316.7 17.8c-11.7-23.6-45.6-23.9-57.4 0z\"><\/path><\/svg>\t\t\t<\/div>\n\t\t<\/div>\n\t\t\t\t\t\t<\/div>\n\t\t\t\t\t<\/div>\n\t\t<\/div>\n\t\t\t\t\t<\/div>\n\t\t<\/section>\n\t\t\t\t<div class=\"elementor-element elementor-element-92a290f elementor-widget elementor-widget-pt_title\" data-id=\"92a290f\" data-element_type=\"widget\" data-e-type=\"widget\" data-widget_type=\"pt_title.default\">\n\t\t\t\t<div class=\"elementor-widget-container\">\n\t\t\t\t\t\n        <div class=\"pt-title-wrap text-center\">\t            <div class=\"pt-title-text\">\n\t                <p>Pe\u010dat of Flavor. Made to be remembered.<\/p>\t            <\/div>        <\/div>\t\t\t\t<\/div>\n\t\t\t\t<\/div>\n\t\t\t\t\t<\/div>\n\t\t<\/div>\n\t\t\t\t\t<\/div>\n\t\t<\/section>\n\t\t\t\t<section class=\"elementor-section elementor-top-section elementor-element elementor-element-70f99f9 elementor-section-boxed elementor-section-height-default elementor-section-height-default\" data-id=\"70f99f9\" data-element_type=\"section\" data-e-type=\"section\">\n\t\t\t\t\t\t<div class=\"elementor-container elementor-column-gap-no\">\n\t\t\t\t\t<div class=\"elementor-column elementor-col-100 elementor-top-column elementor-element elementor-element-24d0820\" data-id=\"24d0820\" data-element_type=\"column\" data-e-type=\"column\">\n\t\t\t<div class=\"elementor-widget-wrap elementor-element-populated\">\n\t\t\t\t\t\t<section class=\"elementor-section elementor-inner-section elementor-element elementor-element-2264e8b elementor-section-boxed elementor-section-height-default elementor-section-height-default\" data-id=\"2264e8b\" data-element_type=\"section\" data-e-type=\"section\">\n\t\t\t\t\t\t<div class=\"elementor-container elementor-column-gap-no\">\n\t\t\t\t\t<div class=\"elementor-column elementor-col-100 elementor-inner-column elementor-element elementor-element-a4e948b\" data-id=\"a4e948b\" data-element_type=\"column\" data-e-type=\"column\">\n\t\t\t<div class=\"elementor-widget-wrap elementor-element-populated\">\n\t\t\t\t\t\t<div class=\"elementor-element elementor-element-fbf2c40 elementor-widget elementor-widget-pt_title\" data-id=\"fbf2c40\" data-element_type=\"widget\" data-e-type=\"widget\" data-widget_type=\"pt_title.default\">\n\t\t\t\t<div class=\"elementor-widget-container\">\n\t\t\t\t\t\n        <div class=\"pt-title-wrap text-center\">\t            <h6 class=\"pt-title color-primary\">\n\t                ADDRESS\t            <\/h6>\t            <div class=\"pt-title-text\">\n\t                <p>Neboj\u0161ina 6, Vra\u010dar<br>Kara\u0111or\u0111e\u2019s Park<\/p>\t            <\/div>        <\/div>\t\t\t\t<\/div>\n\t\t\t\t<\/div>\n\t\t\t\t<div class=\"elementor-element elementor-element-0d764fd elementor-widget elementor-widget-pt_title\" data-id=\"0d764fd\" data-element_type=\"widget\" data-e-type=\"widget\" data-widget_type=\"pt_title.default\">\n\t\t\t\t<div class=\"elementor-widget-container\">\n\t\t\t\t\t\n        <div class=\"pt-title-wrap text-center\">\t            <h6 class=\"pt-title color-primary\">\n\t                RESERVATIONS\t            <\/h6>\t            <div class=\"pt-title-text\">\n\t                <p><a href=\"tel:+381114097284\">Phone: +381 11 409 72 84<\/a><\/p><p><a href=\"tel:+381637422899\">Phone: +381 63 742 28 99<\/a><\/p><p>Email: <a href=\"mailto:restoranpecat@gmail.com\">restoranpecat@gmail.com<\/a><\/p>\t            <\/div>        <\/div>\t\t\t\t<\/div>\n\t\t\t\t<\/div>\n\t\t\t\t<div class=\"elementor-element elementor-element-f316dc7 elementor-widget elementor-widget-pt_title\" data-id=\"f316dc7\" data-element_type=\"widget\" data-e-type=\"widget\" data-widget_type=\"pt_title.default\">\n\t\t\t\t<div class=\"elementor-widget-container\">\n\t\t\t\t\t\n        <div class=\"pt-title-wrap text-center\">\t            <h6 class=\"pt-title color-primary\">\n\t                OPENING HOURS\t            <\/h6>\t            <div class=\"pt-title-text\">\n\t                <p>Monday: 11:30 AM \u2013 11:00 PM<\/p><p>Tuesday: 11:30 AM \u2013 11:00 PM<\/p><p>Wednesday: 11:30 AM \u2013 11:00 PM<\/p><p>Thursday: 11:30 AM \u2013 11:00 PM<\/p><p>Friday: 11:30 AM \u2013 11:00 PM<\/p><p>Saturday: 11:30 AM \u2013 11:00 PM<\/p><p>Sunday: 11:30 AM \u2013 11:00 PM<\/p>\t            <\/div>        <\/div>\t\t\t\t<\/div>\n\t\t\t\t<\/div>\n\t\t\t\t\t<\/div>\n\t\t<\/div>\n\t\t\t\t\t<\/div>\n\t\t<\/section>\n\t\t\t\t\t<\/div>\n\t\t<\/div>\n\t\t\t\t\t<\/div>\n\t\t<\/section>\n\t\t<div class=\"elementor-element elementor-element-a891734 e-flex e-con-boxed e-con e-parent\" data-id=\"a891734\" data-element_type=\"container\" data-e-type=\"container\">\n\t\t\t\t\t<div class=\"e-con-inner\">\n\t\t\t\t<div class=\"elementor-element elementor-element-b8a2333 elementor-widget elementor-widget-pt_form_cf7\" data-id=\"b8a2333\" data-element_type=\"widget\" data-e-type=\"widget\" data-widget_type=\"pt_form_cf7.default\">\n\t\t\t\t<div class=\"elementor-widget-container\">\n\t\t\t\t\t            <div class=\"pt-form-cf7 placeholder-normal\">\n                <div class=\"pt-form-cf7-wrap\">\n<div class=\"wpcf7 no-js\" id=\"wpcf7-f561-o1\" lang=\"en-US\" dir=\"ltr\" data-wpcf7-id=\"561\">\n<div class=\"screen-reader-response\"><p role=\"status\" aria-live=\"polite\" aria-atomic=\"true\"><\/p> <ul><\/ul><\/div>\n<form action=\"\/en\/wp-json\/wp\/v2\/pages\/1684#wpcf7-f561-o1\" method=\"post\" class=\"wpcf7-form init\" aria-label=\"Contact form\" novalidate=\"novalidate\" data-status=\"init\">\n<fieldset class=\"hidden-fields-container\"><input type=\"hidden\" name=\"_wpcf7\" value=\"561\" \/><input type=\"hidden\" name=\"_wpcf7_version\" value=\"6.1.5\" \/><input type=\"hidden\" name=\"_wpcf7_locale\" value=\"en_US\" \/><input type=\"hidden\" name=\"_wpcf7_unit_tag\" value=\"wpcf7-f561-o1\" \/><input type=\"hidden\" name=\"_wpcf7_container_post\" value=\"0\" \/><input type=\"hidden\" name=\"_wpcf7_posted_data_hash\" value=\"\" \/>\n<\/fieldset>\n<div class=\"row\">\n\t<div class=\"col-1-2\">\n\t\t<p><label> Va\u0161e ime<br \/>\n<span class=\"wpcf7-form-control-wrap\" data-name=\"your-name\"><input size=\"40\" maxlength=\"400\" class=\"wpcf7-form-control wpcf7-text wpcf7-validates-as-required\" aria-required=\"true\" aria-invalid=\"false\" value=\"\" type=\"text\" name=\"your-name\" \/><\/span> <\/label>\n\t\t<\/p>\n\t<\/div>\n\t<div class=\"col-1-2\">\n\t\t<p><label> Va\u0161 email<br \/>\n<span class=\"wpcf7-form-control-wrap\" data-name=\"your-email\"><input size=\"40\" maxlength=\"400\" class=\"wpcf7-form-control wpcf7-email wpcf7-validates-as-required wpcf7-text wpcf7-validates-as-email\" aria-required=\"true\" aria-invalid=\"false\" value=\"\" type=\"email\" name=\"your-email\" \/><\/span> <\/label>\n\t\t<\/p>\n\t<\/div>\n<\/div>\n<p><label> Nazlov<br \/>\n<span class=\"wpcf7-form-control-wrap\" data-name=\"your-subject\"><input size=\"40\" maxlength=\"400\" class=\"wpcf7-form-control wpcf7-text wpcf7-validates-as-required\" aria-required=\"true\" aria-invalid=\"false\" value=\"\" type=\"text\" name=\"your-subject\" \/><\/span> <\/label>\n<\/p>\n<p><label> Va\u0161a poruka<br \/>\n<span class=\"wpcf7-form-control-wrap\" data-name=\"your-message\"><textarea cols=\"40\" rows=\"10\" maxlength=\"2000\" class=\"wpcf7-form-control wpcf7-textarea\" aria-invalid=\"false\" name=\"your-message\"><\/textarea><\/span> <\/label>\n<\/p>\n<p><input class=\"wpcf7-form-control wpcf7-submit has-spinner\" type=\"submit\" value=\"PO\u0160ALJI\" \/>\n<\/p><div class=\"wpcf7-response-output\" aria-hidden=\"true\"><\/div>\n<\/form>\n<\/div>\n<\/div>\n            <\/div>\t\t\t\t<\/div>\n\t\t\t\t<\/div>\n\t\t\t\t\t<\/div>\n\t\t\t\t<\/div>\n\t\t\t\t<section class=\"elementor-section elementor-top-section elementor-element elementor-element-5d050e4 elementor-section-content-middle elementor-section-full_width elementor-section-height-default elementor-section-height-default\" data-id=\"5d050e4\" data-element_type=\"section\" data-e-type=\"section\">\n\t\t\t\t\t\t<div class=\"elementor-container elementor-column-gap-no\">\n\t\t\t\t\t<div class=\"elementor-column elementor-col-100 elementor-top-column elementor-element elementor-element-a56566b\" data-id=\"a56566b\" data-element_type=\"column\" data-e-type=\"column\">\n\t\t\t<div class=\"elementor-widget-wrap elementor-element-populated\">\n\t\t\t\t\t\t<div class=\"elementor-element elementor-element-e27f935 pt-animation-medium-offset elementor-invisible elementor-widget elementor-widget-google_maps\" data-id=\"e27f935\" data-element_type=\"widget\" data-e-type=\"widget\" data-settings=\"{&quot;_animation&quot;:&quot;fadeInUp&quot;,&quot;_animation_delay&quot;:200}\" data-widget_type=\"google_maps.default\">\n\t\t\t\t\t\t\t<div class=\"elementor-custom-embed\">\n\t\t\t<iframe loading=\"lazy\"\n\t\t\t\t\tsrc=\"https:\/\/maps.google.com\/maps?q=Beograd%2C%20Neboj%C5%A1ina%206&#038;t=m&#038;z=15&#038;output=embed&#038;iwloc=near\"\n\t\t\t\t\ttitle=\"Beograd, Neboj\u0161ina 6\"\n\t\t\t\t\taria-label=\"Beograd, Neboj\u0161ina 6\"\n\t\t\t><\/iframe>\n\t\t<\/div>\n\t\t\t\t\t\t<\/div>\n\t\t\t\t\t<\/div>\n\t\t<\/div>\n\t\t\t\t\t<\/div>\n\t\t<\/section>\n\t\t\t\t<\/div>\n\t\t","protected":false},"excerpt":{"rendered":"<p>CONTACT Pe\u010dat of Flavor. Made to be remembered. ADDRESS Neboj\u0161ina 6, Vra\u010darKara\u0111or\u0111e\u2019s Park RESERVATIONS Phone: +381 11 409 72 84 Phone: +381 63 742 28 99 Email: restoranpecat@gmail.com OPENING HOURS Monday: 11:30 AM \u2013 11:00 PM Tuesday: 11:30 AM \u2013 11:00 PM Wednesday: 11:30 AM \u2013 11:00 PM Thursday: 11:30 AM \u2013 11:00 PM Friday: &#8230;<\/p>\n","protected":false},"author":1,"featured_media":1724,"parent":0,"menu_order":0,"comment_status":"closed","ping_status":"closed","template":"template-wide-content.php","meta":{"patiotime_single_page_hide_site_header":"","patiotime_single_page_site_header_source":"","patiotime_single_page_custom_site_header":"0","patiotime_single_page_custom_sticky_site_header":"0","patiotime_single_page_custom_page_title_margin_top_source":"","patiotime_single_page_custom_page_title_desktop_margin_top":"","patiotime_single_page_custom_page_title_tablet_margin_top":"","patiotime_single_page_custom_page_title_mobile_margin_top":"","patiotime_single_page_hide_page_title":"","patiotime_single_page_header_section_size":"","patiotime_single_page_header_background_color":"","patiotime_single_page_header_background_position_x":"center","patiotime_single_page_header_background_position_y":"center","patiotime_single_page_header_background_size":"cover","patiotime_single_page_header_background_repeat":"off","patiotime_single_page_header_background_scroll":"on","patiotime_single_page_header_text_color":"","patiotime_single_page_header_show_breadcrumb":"","patiotime_single_page_site_footer_hide_main":"","patiotime_single_custom_site_footer_main_source":"","patiotime_single_custom_site_footer_main":"0","patiotime_single_page_site_footer_hide_above":"","patiotime_single_custom_site_footer_above_source":"","patiotime_single_custom_site_footer_above":"0","patiotime_single_page_site_footer_hide_instagram":"","patiotime_single_page_site_footer_hide_bottom":"","patiotime_single_custom_mobile_menu_source":"","patiotime_single_custom_mobile_menu":"0","patiotime_single_custom_mobile_menu_animation":"","patiotime_single_custom_mobile_menu_width":"","patiotime_single_custom_mobile_menu_custom_width":375,"footnotes":""},"class_list":["post-1684","page","type-page","status-publish","has-post-thumbnail","hentry"],"yoast_head":"<!-- This site is optimized with the Yoast SEO plugin v27.1.1 - https:\/\/yoast.com\/product\/yoast-seo-wordpress\/ -->\n<title>Contact - Pe\u010dat Restoran<\/title>\n<meta name=\"robots\" content=\"index, follow, max-snippet:-1, max-image-preview:large, max-video-preview:-1\" \/>\n<link rel=\"canonical\" href=\"https:\/\/pecatrestoran.rs\/en\/contact\/\" \/>\n<meta property=\"og:locale\" content=\"en_US\" \/>\n<meta property=\"og:type\" content=\"article\" \/>\n<meta property=\"og:title\" content=\"Contact - Pe\u010dat Restoran\" \/>\n<meta property=\"og:description\" content=\"CONTACT Pe\u010dat of Flavor. Made to be remembered. ADDRESS Neboj\u0161ina 6, Vra\u010darKara\u0111or\u0111e\u2019s Park RESERVATIONS Phone: +381 11 409 72 84 Phone: +381 63 742 28 99 Email: restoranpecat@gmail.com OPENING HOURS Monday: 11:30 AM \u2013 11:00 PM Tuesday: 11:30 AM \u2013 11:00 PM Wednesday: 11:30 AM \u2013 11:00 PM Thursday: 11:30 AM \u2013 11:00 PM Friday: ...\" \/>\n<meta property=\"og:url\" content=\"https:\/\/pecatrestoran.rs\/en\/contact\/\" \/>\n<meta property=\"og:site_name\" content=\"Pe\u010dat Restoran\" \/>\n<meta property=\"article:modified_time\" content=\"2026-02-14T15:12:05+00:00\" \/>\n<meta name=\"twitter:card\" content=\"summary_large_image\" \/>\n<script type=\"application\/ld+json\" class=\"yoast-schema-graph\">{\"@context\":\"https:\/\/schema.org\",\"@graph\":[{\"@type\":\"WebPage\",\"@id\":\"https:\/\/pecatrestoran.rs\/en\/contact\/\",\"url\":\"https:\/\/pecatrestoran.rs\/en\/contact\/\",\"name\":\"Contact - Pe\u010dat Restoran\",\"isPartOf\":{\"@id\":\"https:\/\/pecatrestoran.rs\/#website\"},\"primaryImageOfPage\":{\"@id\":\"https:\/\/pecatrestoran.rs\/en\/contact\/#primaryimage\"},\"image\":{\"@id\":\"https:\/\/pecatrestoran.rs\/en\/contact\/#primaryimage\"},\"thumbnailUrl\":\"https:\/\/pecatrestoran.rs\/wordpress\/wp-content\/uploads\/2026\/01\/DSC_3080-1-scaled.jpg\",\"datePublished\":\"2022-07-21T03:55:02+00:00\",\"dateModified\":\"2026-02-14T15:12:05+00:00\",\"breadcrumb\":{\"@id\":\"https:\/\/pecatrestoran.rs\/en\/contact\/#breadcrumb\"},\"inLanguage\":\"en-US\",\"potentialAction\":[{\"@type\":\"ReadAction\",\"target\":[\"https:\/\/pecatrestoran.rs\/en\/contact\/\"]}]},{\"@type\":\"ImageObject\",\"inLanguage\":\"en-US\",\"@id\":\"https:\/\/pecatrestoran.rs\/en\/contact\/#primaryimage\",\"url\":\"https:\/\/pecatrestoran.rs\/wordpress\/wp-content\/uploads\/2026\/01\/DSC_3080-1-scaled.jpg\",\"contentUrl\":\"https:\/\/pecatrestoran.rs\/wordpress\/wp-content\/uploads\/2026\/01\/DSC_3080-1-scaled.jpg\",\"width\":2560,\"height\":1703,\"caption\":\"kontakt restoran Pe\u010dat Beograd\"},{\"@type\":\"BreadcrumbList\",\"@id\":\"https:\/\/pecatrestoran.rs\/en\/contact\/#breadcrumb\",\"itemListElement\":[{\"@type\":\"ListItem\",\"position\":1,\"name\":\"\u041f\u043e\u0447\u0435\u0442\u043d\u0430\",\"item\":\"https:\/\/pecatrestoran.rs\/en\/home\/\"},{\"@type\":\"ListItem\",\"position\":2,\"name\":\"Contact\"}]},{\"@type\":\"WebSite\",\"@id\":\"https:\/\/pecatrestoran.rs\/#website\",\"url\":\"https:\/\/pecatrestoran.rs\/\",\"name\":\"Pe\u010dat Restoran\",\"description\":\"\",\"publisher\":{\"@id\":\"https:\/\/pecatrestoran.rs\/#organization\"},\"potentialAction\":[{\"@type\":\"SearchAction\",\"target\":{\"@type\":\"EntryPoint\",\"urlTemplate\":\"https:\/\/pecatrestoran.rs\/?s={search_term_string}\"},\"query-input\":{\"@type\":\"PropertyValueSpecification\",\"valueRequired\":true,\"valueName\":\"search_term_string\"}}],\"inLanguage\":\"en-US\"},{\"@type\":\"Organization\",\"@id\":\"https:\/\/pecatrestoran.rs\/#organization\",\"name\":\"Pe\u010dat Restoran\",\"url\":\"https:\/\/pecatrestoran.rs\/\",\"logo\":{\"@type\":\"ImageObject\",\"inLanguage\":\"en-US\",\"@id\":\"https:\/\/pecatrestoran.rs\/#\/schema\/logo\/image\/\",\"url\":\"https:\/\/pecatrestoran.rs\/wordpress\/wp-content\/uploads\/2026\/01\/cropped-IMG_8851.jpg\",\"contentUrl\":\"https:\/\/pecatrestoran.rs\/wordpress\/wp-content\/uploads\/2026\/01\/cropped-IMG_8851.jpg\",\"width\":512,\"height\":512,\"caption\":\"Pe\u010dat Restoran\"},\"image\":{\"@id\":\"https:\/\/pecatrestoran.rs\/#\/schema\/logo\/image\/\"}}]}<\/script>\n<!-- \/ Yoast SEO plugin. -->","yoast_head_json":{"title":"Contact - Pe\u010dat Restoran","robots":{"index":"index","follow":"follow","max-snippet":"max-snippet:-1","max-image-preview":"max-image-preview:large","max-video-preview":"max-video-preview:-1"},"canonical":"https:\/\/pecatrestoran.rs\/en\/contact\/","og_locale":"en_US","og_type":"article","og_title":"Contact - Pe\u010dat Restoran","og_description":"CONTACT Pe\u010dat of Flavor. Made to be remembered. ADDRESS Neboj\u0161ina 6, Vra\u010darKara\u0111or\u0111e\u2019s Park RESERVATIONS Phone: +381 11 409 72 84 Phone: +381 63 742 28 99 Email: restoranpecat@gmail.com OPENING HOURS Monday: 11:30 AM \u2013 11:00 PM Tuesday: 11:30 AM \u2013 11:00 PM Wednesday: 11:30 AM \u2013 11:00 PM Thursday: 11:30 AM \u2013 11:00 PM Friday: ...","og_url":"https:\/\/pecatrestoran.rs\/en\/contact\/","og_site_name":"Pe\u010dat Restoran","article_modified_time":"2026-02-14T15:12:05+00:00","twitter_card":"summary_large_image","schema":{"@context":"https:\/\/schema.org","@graph":[{"@type":"WebPage","@id":"https:\/\/pecatrestoran.rs\/en\/contact\/","url":"https:\/\/pecatrestoran.rs\/en\/contact\/","name":"Contact - Pe\u010dat Restoran","isPartOf":{"@id":"https:\/\/pecatrestoran.rs\/#website"},"primaryImageOfPage":{"@id":"https:\/\/pecatrestoran.rs\/en\/contact\/#primaryimage"},"image":{"@id":"https:\/\/pecatrestoran.rs\/en\/contact\/#primaryimage"},"thumbnailUrl":"https:\/\/pecatrestoran.rs\/wordpress\/wp-content\/uploads\/2026\/01\/DSC_3080-1-scaled.jpg","datePublished":"2022-07-21T03:55:02+00:00","dateModified":"2026-02-14T15:12:05+00:00","breadcrumb":{"@id":"https:\/\/pecatrestoran.rs\/en\/contact\/#breadcrumb"},"inLanguage":"en-US","potentialAction":[{"@type":"ReadAction","target":["https:\/\/pecatrestoran.rs\/en\/contact\/"]}]},{"@type":"ImageObject","inLanguage":"en-US","@id":"https:\/\/pecatrestoran.rs\/en\/contact\/#primaryimage","url":"https:\/\/pecatrestoran.rs\/wordpress\/wp-content\/uploads\/2026\/01\/DSC_3080-1-scaled.jpg","contentUrl":"https:\/\/pecatrestoran.rs\/wordpress\/wp-content\/uploads\/2026\/01\/DSC_3080-1-scaled.jpg","width":2560,"height":1703,"caption":"kontakt restoran Pe\u010dat Beograd"},{"@type":"BreadcrumbList","@id":"https:\/\/pecatrestoran.rs\/en\/contact\/#breadcrumb","itemListElement":[{"@type":"ListItem","position":1,"name":"\u041f\u043e\u0447\u0435\u0442\u043d\u0430","item":"https:\/\/pecatrestoran.rs\/en\/home\/"},{"@type":"ListItem","position":2,"name":"Contact"}]},{"@type":"WebSite","@id":"https:\/\/pecatrestoran.rs\/#website","url":"https:\/\/pecatrestoran.rs\/","name":"Pe\u010dat Restoran","description":"","publisher":{"@id":"https:\/\/pecatrestoran.rs\/#organization"},"potentialAction":[{"@type":"SearchAction","target":{"@type":"EntryPoint","urlTemplate":"https:\/\/pecatrestoran.rs\/?s={search_term_string}"},"query-input":{"@type":"PropertyValueSpecification","valueRequired":true,"valueName":"search_term_string"}}],"inLanguage":"en-US"},{"@type":"Organization","@id":"https:\/\/pecatrestoran.rs\/#organization","name":"Pe\u010dat Restoran","url":"https:\/\/pecatrestoran.rs\/","logo":{"@type":"ImageObject","inLanguage":"en-US","@id":"https:\/\/pecatrestoran.rs\/#\/schema\/logo\/image\/","url":"https:\/\/pecatrestoran.rs\/wordpress\/wp-content\/uploads\/2026\/01\/cropped-IMG_8851.jpg","contentUrl":"https:\/\/pecatrestoran.rs\/wordpress\/wp-content\/uploads\/2026\/01\/cropped-IMG_8851.jpg","width":512,"height":512,"caption":"Pe\u010dat Restoran"},"image":{"@id":"https:\/\/pecatrestoran.rs\/#\/schema\/logo\/image\/"}}]}},"_links":{"self":[{"href":"https:\/\/pecatrestoran.rs\/en\/wp-json\/wp\/v2\/pages\/1684","targetHints":{"allow":["GET"]}}],"collection":[{"href":"https:\/\/pecatrestoran.rs\/en\/wp-json\/wp\/v2\/pages"}],"about":[{"href":"https:\/\/pecatrestoran.rs\/en\/wp-json\/wp\/v2\/types\/page"}],"author":[{"embeddable":true,"href":"https:\/\/pecatrestoran.rs\/en\/wp-json\/wp\/v2\/users\/1"}],"replies":[{"embeddable":true,"href":"https:\/\/pecatrestoran.rs\/en\/wp-json\/wp\/v2\/comments?post=1684"}],"version-history":[{"count":1,"href":"https:\/\/pecatrestoran.rs\/en\/wp-json\/wp\/v2\/pages\/1684\/revisions"}],"predecessor-version":[{"id":1685,"href":"https:\/\/pecatrestoran.rs\/en\/wp-json\/wp\/v2\/pages\/1684\/revisions\/1685"}],"wp:featuredmedia":[{"embeddable":true,"href":"https:\/\/pecatrestoran.rs\/en\/wp-json\/wp\/v2\/media\/1724"}],"wp:attachment":[{"href":"https:\/\/pecatrestoran.rs\/en\/wp-json\/wp\/v2\/media?parent=1684"}],"curies":[{"name":"wp","href":"https:\/\/api.w.org\/{rel}","templated":true}]}}